{"id":1047,"date":"2024-01-31T17:12:57","date_gmt":"2024-01-31T16:12:57","guid":{"rendered":"https:\/\/bartnomade.fr\/?page_id=1047"},"modified":"2024-06-20T15:50:31","modified_gmt":"2024-06-20T13:50:31","slug":"se-detendre","status":"publish","type":"page","link":"https:\/\/bartnomade.fr\/index.php\/se-detendre\/","title":{"rendered":"Se d\u00e9tendre"},"content":{"rendered":"\n<figure class=\"wp-block-image size-large\"><img loading=\"lazy\" decoding=\"async\" width=\"576\" height=\"1024\" src=\"https:\/\/bartnomade.fr\/wp-content\/uploads\/2024\/06\/affiche-partir-en-livre-2024-amandine-1-576x1024.jpg\" alt=\"\" class=\"wp-image-1254\" srcset=\"https:\/\/bartnomade.fr\/wp-content\/uploads\/2024\/06\/affiche-partir-en-livre-2024-amandine-1-576x1024.jpg 576w, https:\/\/bartnomade.fr\/wp-content\/uploads\/2024\/06\/affiche-partir-en-livre-2024-amandine-1-169x300.jpg 169w, https:\/\/bartnomade.fr\/wp-content\/uploads\/2024\/06\/affiche-partir-en-livre-2024-amandine-1.jpg 750w\" sizes=\"auto, (max-width: 576px) 100vw, 576px\" \/><\/figure>\n\n\n\n<p>Ch\u00e8r.es Giroussinoise, Giroussinois, Giroussinaise, Giroussinais,&nbsp;<\/p>\n\n\n\n<p>Merci de partager l&rsquo;information au plus grand nombre petits et grands pour le plaisir de partager le livre et la lecture.<\/p>\n\n\n\n<p>Festival National de lecture. Partir en Livre 2024. Place du conte et des histoires dans Giroussens avec l&rsquo;autrice illustratrice conteuse Amandine Szczepaniak. Elle contera le<\/p>\n\n\n\n<p><a href=\"https:\/\/www.facebook.com\/hashtag\/26juin2024?__eep__=6&amp;__cft__[0]=AZUzC0Aqs0alj16au-vydtBIgzChZnr0A9JdHsghKk5zNcnvkxM8hcwcx7qBU-XUMm8BCnsqMvAihOKKaFE1k52D5uU_SUFr12fdBqTy9QbGfXGSUieoLuOMYjyJCuflhbRFJgjO0pSfNFC_5lC4Mx_Kj4rBnohuMXPgYhoCtI_8uAkz0vc6o_jJsrSETB_LpLXwRrq6ymCIRxdC0wPEryIz&amp;__tn__=*NK-R\" target=\"_blank\" rel=\"noreferrer noopener\">#26juin2024<\/a> \u00e0<\/p>\n\n\n\n<p><strong>17h00<\/strong> sur la place du village devant la mairie de Giroussens. Venez \u00e9galement d\u00e9couvrir son album Gaston au Mus\u00e9um \u00e9dit\u00e9 \u00e0 l&rsquo;\u00e9cole des Loisirs.<\/p>\n\n\n\n<p>CONTES KAMISHIBA\u00cf sur son <a href=\"http:\/#amandinebartnomade\" target=\"_blank\" rel=\"noreferrer noopener\">#B&rsquo;art Nomade<\/a>.<\/p>\n\n\n\n<blockquote class=\"wp-block-quote is-layout-flow wp-block-quote-is-layout-flow\">\n<p>Prix recommand\u00e9 au chapeau 3\u20ac, venez d\u00e9couvrir les contes d&rsquo;Amandine Szczepaniak en famille ! 30 minutes.<\/p>\n<\/blockquote>\n\n\n\n<p>Les contes \u00e9crits et illustr\u00e9s \u00e0 la demande<\/p>\n\n\n\n<p>Retrouvez Amandine<strong>&nbsp;en conteuse<\/strong>&nbsp;avec des textes qu<strong>\u2018elle \u00e9crit et qu\u2019elle illustre<\/strong>&nbsp;et qu\u2019elle conte dans diff\u00e9rents lieux.<\/p>\n\n\n\n<figure class=\"wp-block-image\"><img decoding=\"async\" src=\"https:\/\/i0.wp.com\/bartnomade.fr\/wp-content\/uploads\/2023\/02\/DSC06661-1024x680.jpg?ssl=1\" alt=\"\"\/><\/figure>\n\n\n\n<figure class=\"wp-block-image\"><img decoding=\"async\" src=\"https:\/\/i0.wp.com\/bartnomade.fr\/wp-content\/uploads\/2023\/02\/unnamed-5.jpg?ssl=1\" alt=\"\"\/><\/figure>\n\n\n\n<figure class=\"wp-block-image\"><img decoding=\"async\" src=\"https:\/\/i1.wp.com\/bartnomade.fr\/wp-content\/uploads\/2023\/02\/unnamed-9.jpg?ssl=1\" alt=\"\"\/><\/figure>\n\n\n\n<figure class=\"wp-block-image size-full\"><img loading=\"lazy\" decoding=\"async\" width=\"960\" height=\"960\" src=\"https:\/\/bartnomade.fr\/wp-content\/uploads\/2022\/09\/photo-conte-Le-secret2.jpg\" alt=\"\" class=\"wp-image-822\" srcset=\"https:\/\/bartnomade.fr\/wp-content\/uploads\/2022\/09\/photo-conte-Le-secret2.jpg 960w, https:\/\/bartnomade.fr\/wp-content\/uploads\/2022\/09\/photo-conte-Le-secret2-300x300.jpg 300w, https:\/\/bartnomade.fr\/wp-content\/uploads\/2022\/09\/photo-conte-Le-secret2-150x150.jpg 150w, https:\/\/bartnomade.fr\/wp-content\/uploads\/2022\/09\/photo-conte-Le-secret2-768x768.jpg 768w, https:\/\/bartnomade.fr\/wp-content\/uploads\/2022\/09\/photo-conte-Le-secret2-100x100.jpg 100w\" sizes=\"auto, (max-width: 767px) 89vw, (max-width: 1000px) 54vw, (max-width: 1071px) 543px, 580px\" \/><\/figure>\n\n\n\n<figure class=\"wp-block-image size-large\"><img loading=\"lazy\" decoding=\"async\" width=\"1024\" height=\"768\" src=\"https:\/\/bartnomade.fr\/wp-content\/uploads\/2022\/09\/IMG_0546-1024x768.png\" alt=\"\" class=\"wp-image-821\" srcset=\"https:\/\/bartnomade.fr\/wp-content\/uploads\/2022\/09\/IMG_0546-1024x768.png 1024w, https:\/\/bartnomade.fr\/wp-content\/uploads\/2022\/09\/IMG_0546-300x225.png 300w, https:\/\/bartnomade.fr\/wp-content\/uploads\/2022\/09\/IMG_0546-768x576.png 768w, https:\/\/bartnomade.fr\/wp-content\/uploads\/2022\/09\/IMG_0546-1536x1152.png 1536w, https:\/\/bartnomade.fr\/wp-content\/uploads\/2022\/09\/IMG_0546.png 1600w\" sizes=\"auto, (max-width: 767px) 89vw, (max-width: 1000px) 54vw, (max-width: 1071px) 543px, 580px\" \/><\/figure>\n\n\n\n<figure class=\"wp-block-image size-large\"><img loading=\"lazy\" decoding=\"async\" width=\"1024\" height=\"683\" src=\"https:\/\/bartnomade.fr\/wp-content\/uploads\/2024\/02\/458189_403232989716138_1735209749_o-1024x683.jpg\" alt=\"\" class=\"wp-image-1165\" srcset=\"https:\/\/bartnomade.fr\/wp-content\/uploads\/2024\/02\/458189_403232989716138_1735209749_o-1024x683.jpg 1024w, https:\/\/bartnomade.fr\/wp-content\/uploads\/2024\/02\/458189_403232989716138_1735209749_o-300x200.jpg 300w, https:\/\/bartnomade.fr\/wp-content\/uploads\/2024\/02\/458189_403232989716138_1735209749_o-768x512.jpg 768w, https:\/\/bartnomade.fr\/wp-content\/uploads\/2024\/02\/458189_403232989716138_1735209749_o-1536x1025.jpg 1536w, https:\/\/bartnomade.fr\/wp-content\/uploads\/2024\/02\/458189_403232989716138_1735209749_o.jpg 2048w\" sizes=\"auto, (max-width: 767px) 89vw, (max-width: 1000px) 54vw, (max-width: 1071px) 543px, 580px\" \/><\/figure>\n\n\n\n<p>Le Buta\u00ef d&rsquo;Amandine accueille \u00e9galement vos histoires Kamishiba\u00ef. Renseignements et demandes par mail : sz.amandine31@gmail.com.<\/p>\n\n\n\n<p><\/p>\n\n\n\n<figure class=\"wp-block-image size-large\"><img loading=\"lazy\" decoding=\"async\" width=\"1024\" height=\"680\" src=\"https:\/\/bartnomade.fr\/wp-content\/uploads\/2024\/02\/DSC2895-1024x680.jpg\" alt=\"\" class=\"wp-image-1166\" srcset=\"https:\/\/bartnomade.fr\/wp-content\/uploads\/2024\/02\/DSC2895-1024x680.jpg 1024w, https:\/\/bartnomade.fr\/wp-content\/uploads\/2024\/02\/DSC2895-300x199.jpg 300w, https:\/\/bartnomade.fr\/wp-content\/uploads\/2024\/02\/DSC2895-768x510.jpg 768w, https:\/\/bartnomade.fr\/wp-content\/uploads\/2024\/02\/DSC2895-1536x1021.jpg 1536w, https:\/\/bartnomade.fr\/wp-content\/uploads\/2024\/02\/DSC2895-2048x1361.jpg 2048w\" sizes=\"auto, (max-width: 767px) 89vw, (max-width: 1000px) 54vw, (max-width: 1071px) 543px, 580px\" \/><figcaption class=\"wp-element-caption\"><a href=\"https:\/\/bartnomade.fr\/index.php\/se-detendre\/\" data-type=\"page\" data-id=\"1049\">Se d\u00e9tendre<\/a><\/figcaption><\/figure>\n","protected":false},"excerpt":{"rendered":"<p>Ch\u00e8r.es Giroussinoise, Giroussinois, Giroussinaise, Giroussinais,&nbsp; Merci de partager l&rsquo;information au plus grand nombre petits et grands pour le plaisir de partager le livre et la lecture. Festival National de lecture. Partir en Livre 2024. Place du conte et des histoires dans Giroussens avec l&rsquo;autrice illustratrice conteuse Amandine Szczepaniak. Elle contera le #26juin2024 \u00e0 17h00 sur &hellip; <\/p>\n<p class=\"link-more\"><a href=\"https:\/\/bartnomade.fr\/index.php\/se-detendre\/\" class=\"more-link\">Continuer la lecture<span class=\"screen-reader-text\"> de &laquo;&nbsp;Se d\u00e9tendre&nbsp;&raquo;<\/span><\/a><\/p>\n","protected":false},"author":1,"featured_media":0,"parent":0,"menu_order":0,"comment_status":"closed","ping_status":"closed","template":"","meta":{"spay_email":"","footnotes":""},"class_list":["post-1047","page","type-page","status-publish","hentry"],"_links":{"self":[{"href":"https:\/\/bartnomade.fr\/index.php\/wp-json\/wp\/v2\/pages\/1047","targetHints":{"allow":["GET"]}}],"collection":[{"href":"https:\/\/bartnomade.fr\/index.php\/wp-json\/wp\/v2\/pages"}],"about":[{"href":"https:\/\/bartnomade.fr\/index.php\/wp-json\/wp\/v2\/types\/page"}],"author":[{"embeddable":true,"href":"https:\/\/bartnomade.fr\/index.php\/wp-json\/wp\/v2\/users\/1"}],"replies":[{"embeddable":true,"href":"https:\/\/bartnomade.fr\/index.php\/wp-json\/wp\/v2\/comments?post=1047"}],"version-history":[{"count":5,"href":"https:\/\/bartnomade.fr\/index.php\/wp-json\/wp\/v2\/pages\/1047\/revisions"}],"predecessor-version":[{"id":1256,"href":"https:\/\/bartnomade.fr\/index.php\/wp-json\/wp\/v2\/pages\/1047\/revisions\/1256"}],"wp:attachment":[{"href":"https:\/\/bartnomade.fr\/index.php\/wp-json\/wp\/v2\/media?parent=1047"}],"curies":[{"name":"wp","href":"https:\/\/api.w.org\/{rel}","templated":true}]}}