{"id":1049,"date":"2024-01-31T17:12:58","date_gmt":"2024-01-31T16:12:58","guid":{"rendered":"https:\/\/bartnomade.fr\/?page_id=1049"},"modified":"2024-05-20T14:55:16","modified_gmt":"2024-05-20T12:55:16","slug":"rever","status":"publish","type":"page","link":"https:\/\/bartnomade.fr\/index.php\/rever\/","title":{"rendered":"Carnet \u00e9v\u00e8nement"},"content":{"rendered":"\n<p><\/p>\n\n\n\n<p>Pour votre mariage, pacs, bapt\u00eame, anniversaire, f\u00eate de famille, r\u00e9union d\u2019entreprise, je r\u00e9alise un carnet de dessin et d\u2019aquarelle (sc\u00e8nes de vie, portraits, objets, lieux&#8230;).<\/p>\n\n\n\n<p>Avec beaucoup de discr\u00e9tion, je me glisse parmi les invit\u00e9s tout au long de la<br>journ\u00e9e, du week-end, de la semaine pour dessiner et peindre \u00e0 l\u2019aquarelle (\u00e0 la fa\u00e7on d\u2019un carnet de voyage) votre \u00e9v\u00e8nement. Et ainsi vous offrir un carnet unique enti\u00e8rement illustr\u00e9.<\/p>\n\n\n\n<figure class=\"wp-block-image size-large\"><img loading=\"lazy\" decoding=\"async\" width=\"725\" height=\"1024\" src=\"https:\/\/bartnomade.fr\/wp-content\/uploads\/2024\/05\/Prestation-carnet-evenement-24_page-0001-725x1024.jpg\" alt=\"\" class=\"wp-image-1246\" srcset=\"https:\/\/bartnomade.fr\/wp-content\/uploads\/2024\/05\/Prestation-carnet-evenement-24_page-0001-725x1024.jpg 725w, https:\/\/bartnomade.fr\/wp-content\/uploads\/2024\/05\/Prestation-carnet-evenement-24_page-0001-212x300.jpg 212w, https:\/\/bartnomade.fr\/wp-content\/uploads\/2024\/05\/Prestation-carnet-evenement-24_page-0001-768x1085.jpg 768w, https:\/\/bartnomade.fr\/wp-content\/uploads\/2024\/05\/Prestation-carnet-evenement-24_page-0001-1087x1536.jpg 1087w, https:\/\/bartnomade.fr\/wp-content\/uploads\/2024\/05\/Prestation-carnet-evenement-24_page-0001.jpg 1241w\" sizes=\"auto, (max-width: 725px) 100vw, 725px\" \/><\/figure>\n\n\n\n<p><em>\u00ab\u00a0Au-del\u00e0 de la r\u00e9alisation d&rsquo;une peinture \u00e0 l&rsquo;aquarelle, je suis celle qui vous regarde, qui aime sublimer le quotidien, qui vous montre comment je vous vois. C&rsquo;est un privil\u00e8ge pour moi de faire partie du tourbillon de la vie\u00a0\u00bb<\/em><\/p>\n\n\n\n<p>Je suis \u00e0 l\u2019\u00e9coute de vos id\u00e9es et envies avec un premier rendez-vous offert.<\/p>\n\n\n\n<p>Contactez-moi par mail pour vos questions et demande de renseignements : <a href=\"mailto:sz.amandine31@gmail.com\">sz.amandine31@gmail.com<\/a><\/p>\n\n\n\n<figure class=\"wp-block-image size-full is-resized\"><img loading=\"lazy\" decoding=\"async\" width=\"459\" height=\"682\" src=\"https:\/\/bartnomade.fr\/wp-content\/uploads\/2024\/02\/Capture-decran-2017-10-21-a-15.48.17.png\" alt=\"\" class=\"wp-image-1128\" style=\"width:674px;height:auto\" srcset=\"https:\/\/bartnomade.fr\/wp-content\/uploads\/2024\/02\/Capture-decran-2017-10-21-a-15.48.17.png 459w, https:\/\/bartnomade.fr\/wp-content\/uploads\/2024\/02\/Capture-decran-2017-10-21-a-15.48.17-202x300.png 202w\" sizes=\"auto, (max-width: 459px) 100vw, 459px\" \/><\/figure>\n\n\n\n<figure class=\"wp-block-image size-large\"><img loading=\"lazy\" decoding=\"async\" width=\"1024\" height=\"576\" src=\"https:\/\/bartnomade.fr\/wp-content\/uploads\/2024\/03\/portrait-couple-aquarelle-1-1-1024x576.jpg\" alt=\"\" class=\"wp-image-1220\" srcset=\"https:\/\/bartnomade.fr\/wp-content\/uploads\/2024\/03\/portrait-couple-aquarelle-1-1-1024x576.jpg 1024w, https:\/\/bartnomade.fr\/wp-content\/uploads\/2024\/03\/portrait-couple-aquarelle-1-1-300x169.jpg 300w, https:\/\/bartnomade.fr\/wp-content\/uploads\/2024\/03\/portrait-couple-aquarelle-1-1-768x432.jpg 768w, https:\/\/bartnomade.fr\/wp-content\/uploads\/2024\/03\/portrait-couple-aquarelle-1-1-1536x864.jpg 1536w, https:\/\/bartnomade.fr\/wp-content\/uploads\/2024\/03\/portrait-couple-aquarelle-1-1-2048x1152.jpg 2048w\" sizes=\"auto, (max-width: 767px) 89vw, (max-width: 1000px) 54vw, (max-width: 1071px) 543px, 580px\" \/><\/figure>\n\n\n\n<figure class=\"wp-block-image size-large\"><img loading=\"lazy\" decoding=\"async\" width=\"781\" height=\"1024\" src=\"https:\/\/bartnomade.fr\/wp-content\/uploads\/2024\/02\/Numeriser-1-781x1024.jpeg\" alt=\"\" class=\"wp-image-1127\" srcset=\"https:\/\/bartnomade.fr\/wp-content\/uploads\/2024\/02\/Numeriser-1-781x1024.jpeg 781w, https:\/\/bartnomade.fr\/wp-content\/uploads\/2024\/02\/Numeriser-1-229x300.jpeg 229w, https:\/\/bartnomade.fr\/wp-content\/uploads\/2024\/02\/Numeriser-1-768x1006.jpeg 768w, https:\/\/bartnomade.fr\/wp-content\/uploads\/2024\/02\/Numeriser-1-1172x1536.jpeg 1172w, https:\/\/bartnomade.fr\/wp-content\/uploads\/2024\/02\/Numeriser-1-1563x2048.jpeg 1563w, https:\/\/bartnomade.fr\/wp-content\/uploads\/2024\/02\/Numeriser-1-scaled.jpeg 1954w\" sizes=\"auto, (max-width: 767px) 89vw, (max-width: 1000px) 54vw, (max-width: 1071px) 543px, 580px\" \/><\/figure>\n","protected":false},"excerpt":{"rendered":"<p>Pour votre mariage, pacs, bapt\u00eame, anniversaire, f\u00eate de famille, r\u00e9union d\u2019entreprise, je r\u00e9alise un carnet de dessin et d\u2019aquarelle (sc\u00e8nes de vie, portraits, objets, lieux&#8230;). Avec beaucoup de discr\u00e9tion, je me glisse parmi les invit\u00e9s tout au long de lajourn\u00e9e, du week-end, de la semaine pour dessiner et peindre \u00e0 l\u2019aquarelle (\u00e0 la fa\u00e7on d\u2019un &hellip; <\/p>\n<p class=\"link-more\"><a href=\"https:\/\/bartnomade.fr\/index.php\/rever\/\" class=\"more-link\">Continuer la lecture<span class=\"screen-reader-text\"> de &laquo;&nbsp;Carnet \u00e9v\u00e8nement&nbsp;&raquo;<\/span><\/a><\/p>\n","protected":false},"author":1,"featured_media":0,"parent":0,"menu_order":0,"comment_status":"closed","ping_status":"closed","template":"","meta":{"spay_email":"","footnotes":""},"class_list":["post-1049","page","type-page","status-publish","hentry"],"_links":{"self":[{"href":"https:\/\/bartnomade.fr\/index.php\/wp-json\/wp\/v2\/pages\/1049","targetHints":{"allow":["GET"]}}],"collection":[{"href":"https:\/\/bartnomade.fr\/index.php\/wp-json\/wp\/v2\/pages"}],"about":[{"href":"https:\/\/bartnomade.fr\/index.php\/wp-json\/wp\/v2\/types\/page"}],"author":[{"embeddable":true,"href":"https:\/\/bartnomade.fr\/index.php\/wp-json\/wp\/v2\/users\/1"}],"replies":[{"embeddable":true,"href":"https:\/\/bartnomade.fr\/index.php\/wp-json\/wp\/v2\/comments?post=1049"}],"version-history":[{"count":8,"href":"https:\/\/bartnomade.fr\/index.php\/wp-json\/wp\/v2\/pages\/1049\/revisions"}],"predecessor-version":[{"id":1249,"href":"https:\/\/bartnomade.fr\/index.php\/wp-json\/wp\/v2\/pages\/1049\/revisions\/1249"}],"wp:attachment":[{"href":"https:\/\/bartnomade.fr\/index.php\/wp-json\/wp\/v2\/media?parent=1049"}],"curies":[{"name":"wp","href":"https:\/\/api.w.org\/{rel}","templated":true}]}}