{"id":1050,"date":"2024-01-31T17:12:58","date_gmt":"2024-01-31T16:12:58","guid":{"rendered":"https:\/\/bartnomade.fr\/?page_id=1050"},"modified":"2024-02-02T09:49:36","modified_gmt":"2024-02-02T08:49:36","slug":"partager","status":"publish","type":"page","link":"https:\/\/bartnomade.fr\/index.php\/partager\/","title":{"rendered":"Partager"},"content":{"rendered":"\n<p><\/p>\n\n\n\n<div class=\"wp-block-media-text is-stacked-on-mobile is-image-fill\"><figure class=\"wp-block-media-text__media\" style=\"background-image:url(https:\/\/bartnomade.fr\/wp-content\/uploads\/2024\/02\/20200123_154045-768x1024.jpg);background-position:50% 9%\"><img loading=\"lazy\" decoding=\"async\" width=\"768\" height=\"1024\" src=\"https:\/\/bartnomade.fr\/wp-content\/uploads\/2024\/02\/20200123_154045-768x1024.jpg\" alt=\"\" class=\"wp-image-1146 size-full\" srcset=\"https:\/\/bartnomade.fr\/wp-content\/uploads\/2024\/02\/20200123_154045-768x1024.jpg 768w, https:\/\/bartnomade.fr\/wp-content\/uploads\/2024\/02\/20200123_154045-225x300.jpg 225w, https:\/\/bartnomade.fr\/wp-content\/uploads\/2024\/02\/20200123_154045-1152x1536.jpg 1152w, https:\/\/bartnomade.fr\/wp-content\/uploads\/2024\/02\/20200123_154045-1536x2048.jpg 1536w, https:\/\/bartnomade.fr\/wp-content\/uploads\/2024\/02\/20200123_154045-scaled.jpg 1920w\" sizes=\"auto, (max-width: 767px) 89vw, (max-width: 1000px) 54vw, (max-width: 1071px) 543px, 580px\" \/><\/figure><div class=\"wp-block-media-text__content\">\n<p>Amandine se d\u00e9place pour vous proposer des ateliers aquarelle.<\/p>\n\n\n\n<p>B&rsquo;art Nomade, l&rsquo;atelier d&rsquo;art nomade sur un v\u00e9lo triporteur est un concept d&rsquo;atelier nomade.<\/p>\n\n\n\n<p>Szczepaniak Amandine&nbsp;: Artiste peintre aquarelliste, dessinatrice, enseignante p\u00e9dagogue.<\/p>\n\n\n\n<p>Domaine artistique.<\/p>\n\n\n\n<p>Art Plastique, dessin, aquarelle<\/p>\n<\/div><\/div>\n\n\n\n<p>Pr\u00e9sentation de l&rsquo;atelier&nbsp;:<\/p>\n\n\n\n<p>L\u2019atelier Aquarelle B\u2019Art Nomade souhaite amener chaque personne \u00e0 exp\u00e9rimenter la cr\u00e9ation artistique et propose une exp\u00e9rience individuelle et collective afin de permettre d&rsquo;acqu\u00e9rir une autonomie dans la pratique de l&rsquo;aquarelle.<\/p>\n\n\n\n<p>Amandine propose, \u00e9coute et s&rsquo;adapte aux d\u00e9sirs et aux envies de chacun afin d\u2019accompagner chaque personne dans son exp\u00e9rimentation cr\u00e9atrice.<\/p>\n\n\n\n<p>Des comp\u00e9tences en dessin sont bienvenues mais ne sont pas n\u00e9cessaires. Le cours s\u2019axe sur la couleur avant tout et les formes g\u00e9om\u00e9triques suffisent \u00e0 tout repr\u00e9senter. Pas de niveau requis pour avoir envie de se faire plaisir et de s\u2019exprimer avec l\u2019aquarelle. Le r\u00e9sultat, dans un premier temps, a peu d\u2019importance. L\u2019id\u00e9e premi\u00e8re est de prendre du temps pour soi, de trouver ce que l&rsquo;on ne cherche pas par le biais d&rsquo;exp\u00e9rimentation. En un mot, se d\u00e9couvrir.<\/p>\n\n\n\n<div class=\"wp-block-media-text has-media-on-the-right is-stacked-on-mobile is-image-fill\"><div class=\"wp-block-media-text__content\">\n<p>Chaque atelier sera pour moi l&rsquo;occasion de proposer une nouvelle technique (le lavis, le glacis, les tons-rompus, les valeurs, le cama\u00efeu, les m\u00e9langes de 5 puis de 12 couleurs&#8230;etc ) que l&rsquo;\u00e9l\u00e8ve utilisera dans ses recherches.<\/p>\n\n\n\n<p>Les recherches se feront sous forme de carnet d&rsquo;artiste.<\/p>\n<\/div><figure class=\"wp-block-media-text__media\" style=\"background-image:url(https:\/\/bartnomade.fr\/wp-content\/uploads\/2024\/02\/156755593_10158942207377350_2344408400086983922_n.jpg);background-position:0% 48%\"><img loading=\"lazy\" decoding=\"async\" width=\"600\" height=\"338\" src=\"https:\/\/bartnomade.fr\/wp-content\/uploads\/2024\/02\/156755593_10158942207377350_2344408400086983922_n.jpg\" alt=\"\" class=\"wp-image-1147 size-full\" srcset=\"https:\/\/bartnomade.fr\/wp-content\/uploads\/2024\/02\/156755593_10158942207377350_2344408400086983922_n.jpg 600w, https:\/\/bartnomade.fr\/wp-content\/uploads\/2024\/02\/156755593_10158942207377350_2344408400086983922_n-300x169.jpg 300w\" sizes=\"auto, (max-width: 600px) 100vw, 600px\" \/><\/figure><\/div>\n\n\n\n<p><\/p>\n\n\n\n<p>Un travail collectif sous forme d&rsquo;exposition est envisag\u00e9e \u00e0 partir des \u00ab\u00a0trouvailles\u00a0\u00bb de chaque \u00e9l\u00e8ve en fin de formation.<\/p>\n\n\n\n<p>C&rsquo;est un atelier qui peut \u00eatre hebdomadaire, toutes les quinzaines ou mensuel. La r\u00e9gularit\u00e9 de la pratique permet de progresser. <\/p>\n\n\n\n<p>A l\u2019int\u00e9rieur l\u2019hiver, et en plein air d\u00e9s que le temps le permet.<\/p>\n\n\n\n<p>Le mat\u00e9riel aquarelle prend peu de place<\/p>\n\n\n\n<p>Lorsque le temps est mauvais, une salle de 20 m\u00e8tres carr\u00e9 (2 m\u00e8tres carr\u00e9 par personne) avec un point d\u2019eau suffit.<\/p>\n\n\n\n<p>Une ou deux tables, 10 chaises<\/p>\n\n\n\n<p>4 personnes minimum, 10 personnes maximum.<\/p>\n\n\n\n<p>Dur\u00e9e de l&rsquo;atelier 1h30\/2h00<\/p>\n\n\n\n<div class=\"wp-block-media-text has-media-on-the-right is-stacked-on-mobile is-image-fill\" style=\"grid-template-columns:auto 41%\"><div class=\"wp-block-media-text__content\">\n<p>Besoin technique : <\/p>\n\n\n\n<p>Chaque \u00e9l\u00e8ve se verra attribuer un pinceau (lavis), une bo\u00eete d&rsquo;aquarelle 5 couleurs minimum, un chiffon, un godet, une planche et un carnet avec feuille 300g.<\/p>\n<\/div><figure class=\"wp-block-media-text__media\" style=\"background-image:url(https:\/\/bartnomade.fr\/wp-content\/uploads\/2023\/02\/Atelier-15.10-Photo-2-2-1024x768.jpg);background-position:54% 47%\"><img loading=\"lazy\" decoding=\"async\" width=\"1024\" height=\"768\" src=\"https:\/\/bartnomade.fr\/wp-content\/uploads\/2023\/02\/Atelier-15.10-Photo-2-2-1024x768.jpg\" alt=\"\" class=\"wp-image-889 size-full\" srcset=\"https:\/\/bartnomade.fr\/wp-content\/uploads\/2023\/02\/Atelier-15.10-Photo-2-2-1024x768.jpg 1024w, https:\/\/bartnomade.fr\/wp-content\/uploads\/2023\/02\/Atelier-15.10-Photo-2-2-300x225.jpg 300w, https:\/\/bartnomade.fr\/wp-content\/uploads\/2023\/02\/Atelier-15.10-Photo-2-2-768x576.jpg 768w, https:\/\/bartnomade.fr\/wp-content\/uploads\/2023\/02\/Atelier-15.10-Photo-2-2-1536x1152.jpg 1536w, https:\/\/bartnomade.fr\/wp-content\/uploads\/2023\/02\/Atelier-15.10-Photo-2-2-2048x1536.jpg 2048w\" sizes=\"auto, (max-width: 767px) 89vw, (max-width: 1000px) 54vw, (max-width: 1071px) 543px, 580px\" \/><\/figure><\/div>\n\n\n\n<p><\/p>\n\n\n\n<p>Depuis 6 ans, les ateliers B&rsquo;art Nomade voyagent dans diff\u00e9rents lieux avec diff\u00e9rents publics. C&rsquo;est la sp\u00e9cificit\u00e9 de cet atelier ou tous, pratique l&rsquo;aquarelle. Des enfants aux adultes, dans des lieux culturels ( mus\u00e9es, abbaye&#8230;), dans les \u00e9coles, mais aussi avec des personnes en souffrance dans des centres d&rsquo;accueils. Amandine a le plaisir de constater dans ses ateliers le point de rencontre est la joie de jouer avec la goutte d&rsquo;eau et de laisser fuser la couleur, de se surprendre. Le constat est que tout le monde peut peindre.<\/p>\n\n\n\n<p>Cette ann\u00e9e,  Amandine organise \u00e9galement des stages dans la nature.<\/p>\n\n\n\n<div class=\"wp-block-media-text is-stacked-on-mobile is-image-fill\" style=\"grid-template-columns:85% auto\"><figure class=\"wp-block-media-text__media\" style=\"background-image:url(https:\/\/bartnomade.fr\/wp-content\/uploads\/2023\/05\/101228601_1194719277543081_8315064248493408256_n.jpg);background-position:50% 50%\"><img loading=\"lazy\" decoding=\"async\" width=\"960\" height=\"540\" src=\"https:\/\/bartnomade.fr\/wp-content\/uploads\/2023\/05\/101228601_1194719277543081_8315064248493408256_n.jpg\" alt=\"\" class=\"wp-image-925 size-full\" srcset=\"https:\/\/bartnomade.fr\/wp-content\/uploads\/2023\/05\/101228601_1194719277543081_8315064248493408256_n.jpg 960w, https:\/\/bartnomade.fr\/wp-content\/uploads\/2023\/05\/101228601_1194719277543081_8315064248493408256_n-300x169.jpg 300w, https:\/\/bartnomade.fr\/wp-content\/uploads\/2023\/05\/101228601_1194719277543081_8315064248493408256_n-768x432.jpg 768w\" sizes=\"auto, (max-width: 767px) 89vw, (max-width: 1000px) 54vw, (max-width: 1071px) 543px, 580px\" \/><\/figure><div class=\"wp-block-media-text__content\">\n<p><\/p>\n<\/div><\/div>\n","protected":false},"excerpt":{"rendered":"<p>Amandine se d\u00e9place pour vous proposer des ateliers aquarelle. B&rsquo;art Nomade, l&rsquo;atelier d&rsquo;art nomade sur un v\u00e9lo triporteur est un concept d&rsquo;atelier nomade. Szczepaniak Amandine&nbsp;: Artiste peintre aquarelliste, dessinatrice, enseignante p\u00e9dagogue. Domaine artistique. Art Plastique, dessin, aquarelle Pr\u00e9sentation de l&rsquo;atelier&nbsp;: L\u2019atelier Aquarelle B\u2019Art Nomade souhaite amener chaque personne \u00e0 exp\u00e9rimenter la cr\u00e9ation artistique et propose &hellip; <\/p>\n<p class=\"link-more\"><a href=\"https:\/\/bartnomade.fr\/index.php\/partager\/\" class=\"more-link\">Continuer la lecture<span class=\"screen-reader-text\"> de &laquo;&nbsp;Partager&nbsp;&raquo;<\/span><\/a><\/p>\n","protected":false},"author":1,"featured_media":0,"parent":0,"menu_order":0,"comment_status":"closed","ping_status":"closed","template":"","meta":{"spay_email":"","footnotes":""},"class_list":["post-1050","page","type-page","status-publish","hentry"],"_links":{"self":[{"href":"https:\/\/bartnomade.fr\/index.php\/wp-json\/wp\/v2\/pages\/1050","targetHints":{"allow":["GET"]}}],"collection":[{"href":"https:\/\/bartnomade.fr\/index.php\/wp-json\/wp\/v2\/pages"}],"about":[{"href":"https:\/\/bartnomade.fr\/index.php\/wp-json\/wp\/v2\/types\/page"}],"author":[{"embeddable":true,"href":"https:\/\/bartnomade.fr\/index.php\/wp-json\/wp\/v2\/users\/1"}],"replies":[{"embeddable":true,"href":"https:\/\/bartnomade.fr\/index.php\/wp-json\/wp\/v2\/comments?post=1050"}],"version-history":[{"count":4,"href":"https:\/\/bartnomade.fr\/index.php\/wp-json\/wp\/v2\/pages\/1050\/revisions"}],"predecessor-version":[{"id":1150,"href":"https:\/\/bartnomade.fr\/index.php\/wp-json\/wp\/v2\/pages\/1050\/revisions\/1150"}],"wp:attachment":[{"href":"https:\/\/bartnomade.fr\/index.php\/wp-json\/wp\/v2\/media?parent=1050"}],"curies":[{"name":"wp","href":"https:\/\/api.w.org\/{rel}","templated":true}]}}