{"id":426,"date":"2021-03-26T16:15:08","date_gmt":"2021-03-26T15:15:08","guid":{"rendered":"http:\/\/bartnomade.fr\/?page_id=426"},"modified":"2025-12-03T16:49:31","modified_gmt":"2025-12-03T15:49:31","slug":"inscription-stages","status":"publish","type":"page","link":"https:\/\/bartnomade.fr\/index.php\/inscription-stages\/","title":{"rendered":"Inscription stages"},"content":{"rendered":"\n<figure class=\"wp-block-image size-large\"><img loading=\"lazy\" decoding=\"async\" width=\"1024\" height=\"1024\" src=\"https:\/\/bartnomade.fr\/wp-content\/uploads\/2022\/04\/20210608_115403-1024x1024.jpg\" alt=\"\" class=\"wp-image-767\" srcset=\"https:\/\/bartnomade.fr\/wp-content\/uploads\/2022\/04\/20210608_115403-1024x1024.jpg 1024w, https:\/\/bartnomade.fr\/wp-content\/uploads\/2022\/04\/20210608_115403-300x300.jpg 300w, https:\/\/bartnomade.fr\/wp-content\/uploads\/2022\/04\/20210608_115403-150x150.jpg 150w, https:\/\/bartnomade.fr\/wp-content\/uploads\/2022\/04\/20210608_115403-768x768.jpg 768w, https:\/\/bartnomade.fr\/wp-content\/uploads\/2022\/04\/20210608_115403-1536x1536.jpg 1536w, https:\/\/bartnomade.fr\/wp-content\/uploads\/2022\/04\/20210608_115403-2048x2048.jpg 2048w, https:\/\/bartnomade.fr\/wp-content\/uploads\/2022\/04\/20210608_115403-100x100.jpg 100w\" sizes=\"auto, (max-width: 767px) 89vw, (max-width: 1000px) 54vw, (max-width: 1071px) 543px, 580px\" \/><\/figure>\n\n\n\n<p>Vous pouvez aussi compl\u00e9ter le formulaire ci-dessous pour nous adresser un message.<\/p>\n\n\n\n<p>Prochaines dates : <\/p>\n\n\n\n<p><strong>PAS DE DATES PREVUES POUR LE MOMENT<\/strong>, <strong>nous travaillons sur des futurs propositions<\/strong><\/p>\n\n\n\n<p>Pour les inscriptions aux stages rando-cueillette-aquarelle, merci d\u2019envoyer un mail avec la date du stage d\u00e9sir\u00e9 et le nombre de personne \u00e0 <a href=\"mailto:sz.amandine31@gmail.com\">sz.amandine31@gmail.com<\/a>. <\/p>\n\n\n\n<p>Dans un souci d\u2019organisation optimale, les inscriptions sont closes <strong>une semaine<\/strong> avant la date de la sortie pour les stages sur deux jours et <strong>2 jours<\/strong> avant la date de la sortie pour les stages \u00e0 la journ\u00e9e.<\/p>\n\n\n\n<p> Les inscriptions sont valid\u00e9es \u00e0 r\u00e9ception du r\u00e8glement (le cas \u00e9ch\u00e9ant) que vous pouvez nous faire parvenir par courrier (par ch\u00e8que, nous n&rsquo;encaisserons les ch\u00e8ques qu&rsquo;\u00e0 la fin du stage et vous enverrons le ch\u00e8que par voie postale si le stage devait \u00eatre annul\u00e9).<\/p>\n\n\n\n<p> Les renseignements compl\u00e9mentaires (heure, lieu de rendez-vous, etc.) vous seront communiqu\u00e9s <strong>par mail <\/strong>apr\u00e8s confirmation de votre inscription. <\/p>\n\n\n\n<p>Les rendez-vous sont fix\u00e9s directement sur les lieux des sorties. Le transport est \u00e0 votre charge. Nous encourageons les participants \u00e0 proposer du covoiturage dans le respect des gestes barri\u00e8re. N\u2019h\u00e9sitez pas \u00e0 le mentionner lors de votre inscription.<\/p>\n\n\n\n<iframe loading=\"lazy\" src=\"https:\/\/docs.google.com\/forms\/d\/e\/1FAIpQLScZY6miyYIryEKVusc4IxFuIxOnFkUSxFwxyQif5fNS9gtRxw\/viewform?embedded=true\" width=\"100%\" height=\"1200\" frameborder=\"0\" marginheight=\"0\" marginwidth=\"0\">Chargement\u2026<\/iframe>\n\n\n\n<p><\/p>\n","protected":false},"excerpt":{"rendered":"<p>Vous pouvez aussi compl\u00e9ter le formulaire ci-dessous pour nous adresser un message. Prochaines dates : PAS DE DATES PREVUES POUR LE MOMENT, nous travaillons sur des futurs propositions Pour les inscriptions aux stages rando-cueillette-aquarelle, merci d\u2019envoyer un mail avec la date du stage d\u00e9sir\u00e9 et le nombre de personne \u00e0 sz.amandine31@gmail.com. Dans un souci d\u2019organisation &hellip; <\/p>\n<p class=\"link-more\"><a href=\"https:\/\/bartnomade.fr\/index.php\/inscription-stages\/\" class=\"more-link\">Continuer la lecture<span class=\"screen-reader-text\"> de &laquo;&nbsp;Inscription stages&nbsp;&raquo;<\/span><\/a><\/p>\n","protected":false},"author":1,"featured_media":0,"parent":0,"menu_order":0,"comment_status":"closed","ping_status":"closed","template":"","meta":{"spay_email":"","footnotes":""},"class_list":["post-426","page","type-page","status-publish","hentry"],"_links":{"self":[{"href":"https:\/\/bartnomade.fr\/index.php\/wp-json\/wp\/v2\/pages\/426","targetHints":{"allow":["GET"]}}],"collection":[{"href":"https:\/\/bartnomade.fr\/index.php\/wp-json\/wp\/v2\/pages"}],"about":[{"href":"https:\/\/bartnomade.fr\/index.php\/wp-json\/wp\/v2\/types\/page"}],"author":[{"embeddable":true,"href":"https:\/\/bartnomade.fr\/index.php\/wp-json\/wp\/v2\/users\/1"}],"replies":[{"embeddable":true,"href":"https:\/\/bartnomade.fr\/index.php\/wp-json\/wp\/v2\/comments?post=426"}],"version-history":[{"count":12,"href":"https:\/\/bartnomade.fr\/index.php\/wp-json\/wp\/v2\/pages\/426\/revisions"}],"predecessor-version":[{"id":1292,"href":"https:\/\/bartnomade.fr\/index.php\/wp-json\/wp\/v2\/pages\/426\/revisions\/1292"}],"wp:attachment":[{"href":"https:\/\/bartnomade.fr\/index.php\/wp-json\/wp\/v2\/media?parent=426"}],"curies":[{"name":"wp","href":"https:\/\/api.w.org\/{rel}","templated":true}]}}